{"id":511,"date":"2023-08-04T10:53:36","date_gmt":"2023-08-04T08:53:36","guid":{"rendered":"https:\/\/poppers-forum.com\/?page_id=511"},"modified":"2023-08-04T11:19:32","modified_gmt":"2023-08-04T09:19:32","slug":"welches-poppers-poppt","status":"publish","type":"page","link":"https:\/\/poppers-forum.com\/index.php\/welches-poppers-poppt\/","title":{"rendered":"Welches Poppers poppt?"},"content":{"rendered":"\n<hr class=\"wp-block-separator has-alpha-channel-opacity\"\/>\n\n\n\n<p class=\"has-text-align-center tw-text-wide\">Geschm\u00e4cker sind verschieden, und dementsprechend gibt es auch unz\u00e4hlige Poppers-Sorten.<\/p>\n\n\n\n<p class=\"has-text-align-center tw-text-wide\">Damit du aber nicht die Katze im Sack kaufst, stellen wir dir hier die Lieblinge unserer Kund*innen vor! <\/p>\n\n\n\n<hr class=\"wp-block-separator has-alpha-channel-opacity\"\/>\n\n\n\n<nav class=\"wp-block-table-of-contents\"><ol><li><a class=\"wp-block-table-of-contents__entry\" href=\"https:\/\/poppers-forum.com\/index.php\/welches-poppers-poppt\/#rush-poppers\">RUSH POPPERS<\/a><\/li><li><a class=\"wp-block-table-of-contents__entry\" href=\"https:\/\/poppers-forum.com\/index.php\/welches-poppers-poppt\/#beast-ultra-strong\">BEAST ULTRA STRONG<\/a><\/li><li><a class=\"wp-block-table-of-contents__entry\" href=\"https:\/\/poppers-forum.com\/index.php\/welches-poppers-poppt\/#amsterdam-revolution\">AMSTERDAM REVOLUTION<\/a><\/li><li><a class=\"wp-block-table-of-contents__entry\" href=\"https:\/\/poppers-forum.com\/index.php\/welches-poppers-poppt\/#radikal-rush\">RADIKAL RUSH<\/a><\/li><li><a class=\"wp-block-table-of-contents__entry\" href=\"https:\/\/poppers-forum.com\/index.php\/welches-poppers-poppt\/#push-incense\">PUSH INCENSE<\/a><\/li><li><a class=\"wp-block-table-of-contents__entry\" href=\"https:\/\/poppers-forum.com\/index.php\/welches-poppers-poppt\/#reds\">REDS<\/a><\/li><li><a class=\"wp-block-table-of-contents__entry\" href=\"https:\/\/poppers-forum.com\/index.php\/welches-poppers-poppt\/#bdsm-ultra\">BDSM ULTRA<\/a><\/li><li><a class=\"wp-block-table-of-contents__entry\" href=\"https:\/\/poppers-forum.com\/index.php\/welches-poppers-poppt\/#orgasmus\">ORGASMUS<\/a><\/li><li><a class=\"wp-block-table-of-contents__entry\" href=\"https:\/\/poppers-forum.com\/index.php\/welches-poppers-poppt\/#fist-strong\">FIST STRONG<\/a><\/li><\/ol><\/nav>\n\n\n\n<hr class=\"wp-block-separator has-alpha-channel-opacity\"\/>\n\n\n<h2 class=\"wp-block-heading\" id=\"rush-poppers\">RUSH POPPERS<\/h2>\n\n<div class=\"wp-block-image\">\n<figure class=\"aligncenter size-medium\"><img loading=\"lazy\" decoding=\"async\" width=\"300\" height=\"300\" src=\"https:\/\/poppers-forum.com\/wp-content\/uploads\/2023\/08\/rush-300x300.png\" alt=\"\" class=\"wp-image-528\" srcset=\"https:\/\/poppers-forum.com\/wp-content\/uploads\/2023\/08\/rush-300x300.png 300w, https:\/\/poppers-forum.com\/wp-content\/uploads\/2023\/08\/rush-1024x1024.png 1024w, https:\/\/poppers-forum.com\/wp-content\/uploads\/2023\/08\/rush-150x150.png 150w, https:\/\/poppers-forum.com\/wp-content\/uploads\/2023\/08\/rush-768x768.png 768w, https:\/\/poppers-forum.com\/wp-content\/uploads\/2023\/08\/rush-1536x1536.png 1536w, https:\/\/poppers-forum.com\/wp-content\/uploads\/2023\/08\/rush-1200x1200.png 1200w, https:\/\/poppers-forum.com\/wp-content\/uploads\/2023\/08\/rush-1980x1980.png 1980w, https:\/\/poppers-forum.com\/wp-content\/uploads\/2023\/08\/rush.png 2048w\" sizes=\"auto, (max-width: 300px) 100vw, 300px\" \/><\/figure>\n<\/div>\n\n\n<p class=\"tw-text-wide\">Sag deinen Hemmungen auf Nimmer-Wiedersehen, denn hier kommt der Klassiker unter den Poppers: RUSH. Dieses Aroma sorgt daf\u00fcr, dass gro\u00df nicht mehr gro\u00df genug f\u00fcr dich sein wird und du nicht mehr aufh\u00f6ren k\u00f6nnen wirst, zu kommen.<\/p>\n\n\n\n<hr class=\"wp-block-separator has-alpha-channel-opacity\"\/>\n\n\n<h2 class=\"wp-block-heading\" id=\"beast-ultra-strong\">BEAST ULTRA STRONG<\/h2>\n\n<div class=\"wp-block-image\">\n<figure class=\"aligncenter size-medium\"><img loading=\"lazy\" decoding=\"async\" width=\"300\" height=\"300\" src=\"https:\/\/poppers-forum.com\/wp-content\/uploads\/2023\/08\/unnamed-48-300x300.png\" alt=\"\" class=\"wp-image-521\" srcset=\"https:\/\/poppers-forum.com\/wp-content\/uploads\/2023\/08\/unnamed-48-300x300.png 300w, https:\/\/poppers-forum.com\/wp-content\/uploads\/2023\/08\/unnamed-48-1024x1024.png 1024w, https:\/\/poppers-forum.com\/wp-content\/uploads\/2023\/08\/unnamed-48-150x150.png 150w, https:\/\/poppers-forum.com\/wp-content\/uploads\/2023\/08\/unnamed-48-768x768.png 768w, https:\/\/poppers-forum.com\/wp-content\/uploads\/2023\/08\/unnamed-48-1536x1536.png 1536w, https:\/\/poppers-forum.com\/wp-content\/uploads\/2023\/08\/unnamed-48-1200x1200.png 1200w, https:\/\/poppers-forum.com\/wp-content\/uploads\/2023\/08\/unnamed-48-1980x1980.png 1980w, https:\/\/poppers-forum.com\/wp-content\/uploads\/2023\/08\/unnamed-48.png 2048w\" sizes=\"auto, (max-width: 300px) 100vw, 300px\" \/><\/figure>\n<\/div>\n\n\n<p class=\"tw-text-wide\">Erwecke das Biest in dir, das nach gro\u00dfen Toys und Ausf\u00fcllung lechzt. Durch dieses Aroma kommt deine animalische Seite zum Vorschein, die nur rammeln m\u00f6chte \ud83d\ude09<\/p>\n\n\n\n<hr class=\"wp-block-separator has-alpha-channel-opacity\"\/>\n\n\n<h2 class=\"wp-block-heading\" id=\"amsterdam-revolution\">AMSTERDAM REVOLUTION<\/h2>\n\n<div class=\"wp-block-image\">\n<figure class=\"aligncenter size-medium\"><img loading=\"lazy\" decoding=\"async\" width=\"300\" height=\"300\" src=\"https:\/\/poppers-forum.com\/wp-content\/uploads\/2023\/08\/amsterdamrev-300x300.png\" alt=\"\" class=\"wp-image-529\" srcset=\"https:\/\/poppers-forum.com\/wp-content\/uploads\/2023\/08\/amsterdamrev-300x300.png 300w, https:\/\/poppers-forum.com\/wp-content\/uploads\/2023\/08\/amsterdamrev-1024x1024.png 1024w, https:\/\/poppers-forum.com\/wp-content\/uploads\/2023\/08\/amsterdamrev-150x150.png 150w, https:\/\/poppers-forum.com\/wp-content\/uploads\/2023\/08\/amsterdamrev-768x768.png 768w, https:\/\/poppers-forum.com\/wp-content\/uploads\/2023\/08\/amsterdamrev-1536x1536.png 1536w, https:\/\/poppers-forum.com\/wp-content\/uploads\/2023\/08\/amsterdamrev-1200x1200.png 1200w, https:\/\/poppers-forum.com\/wp-content\/uploads\/2023\/08\/amsterdamrev-1980x1980.png 1980w, https:\/\/poppers-forum.com\/wp-content\/uploads\/2023\/08\/amsterdamrev.png 2048w\" sizes=\"auto, (max-width: 300px) 100vw, 300px\" \/><\/figure>\n<\/div>\n\n\n<p class=\"tw-text-wide\">Ein sehr intensives Poppers, sowohl f\u00fcr Poppers-Profis als auch Neulinge gedacht ist \u2013 mit Orgasmus-Garantie. Mit diesem Aroma wirst du sogar deine gr\u00f6\u00dften Toys problemlos einf\u00fchren k\u00f6nnen.<\/p>\n\n\n\n<p class=\"tw-text-wide\">Besonders geeignet f\u00fcr XXL-Toys und Fisting-Sessions.<\/p>\n\n\n\n<hr class=\"wp-block-separator has-alpha-channel-opacity\"\/>\n\n\n<h2 class=\"wp-block-heading\" id=\"radikal-rush\">RADIKAL RUSH<\/h2>\n\n<div class=\"wp-block-image\">\n<figure class=\"aligncenter size-medium\"><img loading=\"lazy\" decoding=\"async\" width=\"300\" height=\"300\" src=\"https:\/\/poppers-forum.com\/wp-content\/uploads\/2023\/08\/radikalrusd-300x300.png\" alt=\"\" class=\"wp-image-530\" srcset=\"https:\/\/poppers-forum.com\/wp-content\/uploads\/2023\/08\/radikalrusd-300x300.png 300w, https:\/\/poppers-forum.com\/wp-content\/uploads\/2023\/08\/radikalrusd-1024x1024.png 1024w, https:\/\/poppers-forum.com\/wp-content\/uploads\/2023\/08\/radikalrusd-150x150.png 150w, https:\/\/poppers-forum.com\/wp-content\/uploads\/2023\/08\/radikalrusd-768x768.png 768w, https:\/\/poppers-forum.com\/wp-content\/uploads\/2023\/08\/radikalrusd-1536x1536.png 1536w, https:\/\/poppers-forum.com\/wp-content\/uploads\/2023\/08\/radikalrusd-1200x1200.png 1200w, https:\/\/poppers-forum.com\/wp-content\/uploads\/2023\/08\/radikalrusd-1980x1980.png 1980w, https:\/\/poppers-forum.com\/wp-content\/uploads\/2023\/08\/radikalrusd.png 2048w\" sizes=\"auto, (max-width: 300px) 100vw, 300px\" \/><\/figure>\n<\/div>\n\n\n<p class=\"tw-text-wide\">Offen, offener, Radikal. Radikal Rush \u00fcberzeugt durch schnelle Wirkung und angenehmen Duft. Laut vielen zufriedenen Kund*innen wirkt gerade dieses Poppers besonders entspannend und regt zu versautem \u201eDirty Talk\u201c an.<\/p>\n\n\n\n<hr class=\"wp-block-separator has-alpha-channel-opacity\"\/>\n\n\n<h2 class=\"wp-block-heading\" id=\"push-incense\">PUSH INCENSE<\/h2>\n\n<div class=\"wp-block-image\">\n<figure class=\"aligncenter size-medium\"><img loading=\"lazy\" decoding=\"async\" width=\"300\" height=\"300\" src=\"https:\/\/poppers-forum.com\/wp-content\/uploads\/2023\/08\/push-300x300.png\" alt=\"\" class=\"wp-image-531\" srcset=\"https:\/\/poppers-forum.com\/wp-content\/uploads\/2023\/08\/push-300x300.png 300w, https:\/\/poppers-forum.com\/wp-content\/uploads\/2023\/08\/push-1024x1024.png 1024w, https:\/\/poppers-forum.com\/wp-content\/uploads\/2023\/08\/push-150x150.png 150w, https:\/\/poppers-forum.com\/wp-content\/uploads\/2023\/08\/push-768x768.png 768w, https:\/\/poppers-forum.com\/wp-content\/uploads\/2023\/08\/push-1536x1536.png 1536w, https:\/\/poppers-forum.com\/wp-content\/uploads\/2023\/08\/push-1200x1200.png 1200w, https:\/\/poppers-forum.com\/wp-content\/uploads\/2023\/08\/push-1980x1980.png 1980w, https:\/\/poppers-forum.com\/wp-content\/uploads\/2023\/08\/push.png 2048w\" sizes=\"auto, (max-width: 300px) 100vw, 300px\" \/><\/figure>\n<\/div>\n\n\n<p class=\"tw-text-wide\">Ein gutes Aroma, das schon viele Kund*innen von sich \u00fcberzeugt hat und dich in den siebten Himmel katapultieren wird. PUSH INCENSE hat eine besonders langanhaltende Wirkung und ist f\u00fcr viele der Klassiker schlechthin, auf den man immer wieder gerne zur\u00fcckgreift.<\/p>\n\n\n\n<hr class=\"wp-block-separator has-alpha-channel-opacity\"\/>\n\n\n<h2 class=\"wp-block-heading\" id=\"reds\">REDS<\/h2>\n\n<div class=\"wp-block-image\">\n<figure class=\"aligncenter size-medium\"><img loading=\"lazy\" decoding=\"async\" width=\"146\" height=\"300\" src=\"https:\/\/poppers-forum.com\/wp-content\/uploads\/2023\/08\/reds-leather-cleaner-aroma-small_FREIGESTELLT-Kopie-146x300.png\" alt=\"\" class=\"wp-image-537\" srcset=\"https:\/\/poppers-forum.com\/wp-content\/uploads\/2023\/08\/reds-leather-cleaner-aroma-small_FREIGESTELLT-Kopie-146x300.png 146w, https:\/\/poppers-forum.com\/wp-content\/uploads\/2023\/08\/reds-leather-cleaner-aroma-small_FREIGESTELLT-Kopie-498x1024.png 498w, https:\/\/poppers-forum.com\/wp-content\/uploads\/2023\/08\/reds-leather-cleaner-aroma-small_FREIGESTELLT-Kopie.png 647w\" sizes=\"auto, (max-width: 146px) 100vw, 146px\" \/><\/figure>\n<\/div>\n\n\n<p class=\"tw-text-wide\">\u201eNein\u201c wird zu einem Fremdwort und \u201eaufh\u00f6ren\u201c geh\u00f6rt nicht mehr zu deinem Vokabular, sobald REDS im Spiel ist. Du wirst zu einem hemmungslosen, devoten Spielzeug, das brav alles mit sich machen l\u00e4sst.<\/p>\n\n\n\n<hr class=\"wp-block-separator has-alpha-channel-opacity\"\/>\n\n\n<h2 class=\"wp-block-heading\" id=\"bdsm-ultra\">BDSM ULTRA<\/h2>\n\n<div class=\"wp-block-image\">\n<figure class=\"aligncenter size-medium\"><img loading=\"lazy\" decoding=\"async\" width=\"300\" height=\"300\" src=\"https:\/\/poppers-forum.com\/wp-content\/uploads\/2023\/08\/bdsm-300x300.png\" alt=\"\" class=\"wp-image-532\" srcset=\"https:\/\/poppers-forum.com\/wp-content\/uploads\/2023\/08\/bdsm-300x300.png 300w, https:\/\/poppers-forum.com\/wp-content\/uploads\/2023\/08\/bdsm-1024x1024.png 1024w, https:\/\/poppers-forum.com\/wp-content\/uploads\/2023\/08\/bdsm-150x150.png 150w, https:\/\/poppers-forum.com\/wp-content\/uploads\/2023\/08\/bdsm-768x768.png 768w, https:\/\/poppers-forum.com\/wp-content\/uploads\/2023\/08\/bdsm-1536x1536.png 1536w, https:\/\/poppers-forum.com\/wp-content\/uploads\/2023\/08\/bdsm-1200x1200.png 1200w, https:\/\/poppers-forum.com\/wp-content\/uploads\/2023\/08\/bdsm-1980x1980.png 1980w, https:\/\/poppers-forum.com\/wp-content\/uploads\/2023\/08\/bdsm.png 2048w\" sizes=\"auto, (max-width: 300px) 100vw, 300px\" \/><\/figure>\n<\/div>\n\n\n<p class=\"tw-text-wide\">Ein Aroma, das dich dazu verleiten wird, mit verbundenen Augen alles mit dir machen zu lassen. Du wirst wie Wachs in den H\u00e4nden deines\/deiner Spielgef\u00e4hrt*in sein, w\u00e4hrend du immer und immer wieder zum H\u00f6hepunkt kommst. Mehrst\u00fcndige Sessions werden gerade so genug f\u00fcr dich sein \u2013 aber auch nur, wenn genug Spanking und Slapping im Spiel ist \ud83d\ude09<\/p>\n\n\n\n<hr class=\"wp-block-separator has-alpha-channel-opacity\"\/>\n\n\n<h2 class=\"wp-block-heading\" id=\"orgasmus\">ORGASMUS<\/h2>\n\n<div class=\"wp-block-image\">\n<figure class=\"aligncenter size-medium\"><img loading=\"lazy\" decoding=\"async\" width=\"300\" height=\"300\" src=\"https:\/\/poppers-forum.com\/wp-content\/uploads\/2023\/08\/orgasmus-300x300.png\" alt=\"\" class=\"wp-image-533\" srcset=\"https:\/\/poppers-forum.com\/wp-content\/uploads\/2023\/08\/orgasmus-300x300.png 300w, https:\/\/poppers-forum.com\/wp-content\/uploads\/2023\/08\/orgasmus-1024x1024.png 1024w, https:\/\/poppers-forum.com\/wp-content\/uploads\/2023\/08\/orgasmus-150x150.png 150w, https:\/\/poppers-forum.com\/wp-content\/uploads\/2023\/08\/orgasmus-768x768.png 768w, https:\/\/poppers-forum.com\/wp-content\/uploads\/2023\/08\/orgasmus-1536x1536.png 1536w, https:\/\/poppers-forum.com\/wp-content\/uploads\/2023\/08\/orgasmus-1200x1200.png 1200w, https:\/\/poppers-forum.com\/wp-content\/uploads\/2023\/08\/orgasmus-1980x1980.png 1980w, https:\/\/poppers-forum.com\/wp-content\/uploads\/2023\/08\/orgasmus.png 2048w\" sizes=\"auto, (max-width: 300px) 100vw, 300px\" \/><\/figure>\n<\/div>\n\n\n<p class=\"tw-text-wide\">Nomen est omen \u2013 in diesem Fall definitiv. Ein H\u00f6hepunkt wird den n\u00e4chsten jagen, bis dich alleine der Gedanke an dieses Aroma so geil macht, dass du fast platzt. Ein Orgasmus wird hier zum explosiven Erlebnis, das weder du noch dein*e Partner*in so schnell vergessen wird.<\/p>\n\n\n\n<hr class=\"wp-block-separator has-alpha-channel-opacity\"\/>\n\n\n<h2 class=\"wp-block-heading\" id=\"fist-strong\">FIST STRONG<\/h2>\n\n<div class=\"wp-block-image\">\n<figure class=\"aligncenter size-medium\"><img loading=\"lazy\" decoding=\"async\" width=\"300\" height=\"300\" src=\"https:\/\/poppers-forum.com\/wp-content\/uploads\/2023\/08\/fist-300x300.png\" alt=\"\" class=\"wp-image-534\" srcset=\"https:\/\/poppers-forum.com\/wp-content\/uploads\/2023\/08\/fist-300x300.png 300w, https:\/\/poppers-forum.com\/wp-content\/uploads\/2023\/08\/fist-1024x1024.png 1024w, https:\/\/poppers-forum.com\/wp-content\/uploads\/2023\/08\/fist-150x150.png 150w, https:\/\/poppers-forum.com\/wp-content\/uploads\/2023\/08\/fist-768x768.png 768w, https:\/\/poppers-forum.com\/wp-content\/uploads\/2023\/08\/fist-1536x1536.png 1536w, https:\/\/poppers-forum.com\/wp-content\/uploads\/2023\/08\/fist-1200x1200.png 1200w, https:\/\/poppers-forum.com\/wp-content\/uploads\/2023\/08\/fist-1980x1980.png 1980w, https:\/\/poppers-forum.com\/wp-content\/uploads\/2023\/08\/fist.png 2048w\" sizes=\"auto, (max-width: 300px) 100vw, 300px\" \/><\/figure>\n<\/div>\n\n\n<p class=\"tw-text-wide\">Erst eins, dann zwei, dann drei, dann vier \u2013 schon ist die ganze Faust in dir. Genau das wird dieses Poppers bei dir bewirken; eine unglaubliche Gier danach, bis zum Anschlag ausgef\u00fcllt zu werden. Warnung: Heftige Orgasmen garantiert! \ud83d\ude09<\/p>\n\n\n\n<hr class=\"wp-block-separator has-alpha-channel-opacity\"\/>\n","protected":false},"excerpt":{"rendered":"<p>Geschm\u00e4cker sind verschieden, und dementsprechend gibt es auch unz\u00e4hlige Poppers-Sorten. Damit du aber nicht die Katze im Sack kaufst, stellen wir dir hier die Lieblinge unserer Kund*innen vor! RUSH POPPERS Sag deinen Hemmungen auf Nimmer-Wiedersehen, denn hier kommt der Klassiker unter den Poppers: RUSH. Dieses Aroma sorgt daf\u00fcr, dass gro\u00df nicht mehr gro\u00df genug f\u00fcr&hellip;<\/p>\n","protected":false},"author":2,"featured_media":0,"parent":0,"menu_order":0,"comment_status":"closed","ping_status":"closed","template":"","meta":{"footnotes":""},"class_list":["post-511","page","type-page","status-publish","hentry"],"yoast_head":"<!-- This site is optimized with the Yoast SEO plugin v20.13 - https:\/\/yoast.com\/wordpress\/plugins\/seo\/ -->\n<title>Welches Poppers poppt? - Poppers Forum<\/title>\n<meta name=\"description\" content=\"Welche Poppers gibt es, welche sind die Beliebtesten und welches passt zu dir? Das alles findest du hier im Poppers-Forum.\" \/>\n<meta name=\"robots\" content=\"index, follow, max-snippet:-1, max-image-preview:large, max-video-preview:-1\" \/>\n<link rel=\"canonical\" href=\"https:\/\/poppers-forum.com\/index.php\/welches-poppers-poppt\/\" \/>\n<meta property=\"og:locale\" content=\"de_DE\" \/>\n<meta property=\"og:type\" content=\"article\" \/>\n<meta property=\"og:title\" content=\"Welches Poppers poppt? - Poppers Forum\" \/>\n<meta property=\"og:description\" content=\"Welche Poppers gibt es, welche sind die Beliebtesten und welches passt zu dir? Das alles findest du hier im Poppers-Forum.\" \/>\n<meta property=\"og:url\" content=\"https:\/\/poppers-forum.com\/index.php\/welches-poppers-poppt\/\" \/>\n<meta property=\"og:site_name\" content=\"Poppers Forum\" \/>\n<meta property=\"article:modified_time\" content=\"2023-08-04T09:19:32+00:00\" \/>\n<meta property=\"og:image\" content=\"https:\/\/poppers-forum.com\/wp-content\/uploads\/2023\/08\/rush-300x300.png\" \/>\n<meta name=\"twitter:card\" content=\"summary_large_image\" \/>\n<meta name=\"twitter:label1\" content=\"Gesch\u00e4tzte Lesezeit\" \/>\n\t<meta name=\"twitter:data1\" content=\"5\u00a0Minuten\" \/>\n<script type=\"application\/ld+json\" class=\"yoast-schema-graph\">{\"@context\":\"https:\/\/schema.org\",\"@graph\":[{\"@type\":\"WebPage\",\"@id\":\"https:\/\/poppers-forum.com\/index.php\/welches-poppers-poppt\/\",\"url\":\"https:\/\/poppers-forum.com\/index.php\/welches-poppers-poppt\/\",\"name\":\"Welches Poppers poppt? - Poppers Forum\",\"isPartOf\":{\"@id\":\"https:\/\/poppers-forum.com\/#website\"},\"datePublished\":\"2023-08-04T08:53:36+00:00\",\"dateModified\":\"2023-08-04T09:19:32+00:00\",\"description\":\"Welche Poppers gibt es, welche sind die Beliebtesten und welches passt zu dir? Das alles findest du hier im Poppers-Forum.\",\"breadcrumb\":{\"@id\":\"https:\/\/poppers-forum.com\/index.php\/welches-poppers-poppt\/#breadcrumb\"},\"inLanguage\":\"de\",\"potentialAction\":[{\"@type\":\"ReadAction\",\"target\":[\"https:\/\/poppers-forum.com\/index.php\/welches-poppers-poppt\/\"]}]},{\"@type\":\"BreadcrumbList\",\"@id\":\"https:\/\/poppers-forum.com\/index.php\/welches-poppers-poppt\/#breadcrumb\",\"itemListElement\":[{\"@type\":\"ListItem\",\"position\":1,\"name\":\"Startseite\",\"item\":\"https:\/\/poppers-forum.com\/\"},{\"@type\":\"ListItem\",\"position\":2,\"name\":\"Welches Poppers poppt?\"}]},{\"@type\":\"WebSite\",\"@id\":\"https:\/\/poppers-forum.com\/#website\",\"url\":\"https:\/\/poppers-forum.com\/\",\"name\":\"Poppers Forum\",\"description\":\"Mach dein Leben poppiger.\",\"publisher\":{\"@id\":\"https:\/\/poppers-forum.com\/#organization\"},\"potentialAction\":[{\"@type\":\"SearchAction\",\"target\":{\"@type\":\"EntryPoint\",\"urlTemplate\":\"https:\/\/poppers-forum.com\/?s={search_term_string}\"},\"query-input\":\"required name=search_term_string\"}],\"inLanguage\":\"de\"},{\"@type\":\"Organization\",\"@id\":\"https:\/\/poppers-forum.com\/#organization\",\"name\":\"Poppers Forum\",\"url\":\"https:\/\/poppers-forum.com\/\",\"logo\":{\"@type\":\"ImageObject\",\"inLanguage\":\"de\",\"@id\":\"https:\/\/poppers-forum.com\/#\/schema\/logo\/image\/\",\"url\":\"https:\/\/poppers-forum.com\/wp-content\/uploads\/2023\/07\/cropped-cropped-cropped-head.png\",\"contentUrl\":\"https:\/\/poppers-forum.com\/wp-content\/uploads\/2023\/07\/cropped-cropped-cropped-head.png\",\"width\":1680,\"height\":500,\"caption\":\"Poppers Forum\"},\"image\":{\"@id\":\"https:\/\/poppers-forum.com\/#\/schema\/logo\/image\/\"}}]}<\/script>\n<!-- \/ Yoast SEO plugin. -->","yoast_head_json":{"title":"Welches Poppers poppt? - Poppers Forum","description":"Welche Poppers gibt es, welche sind die Beliebtesten und welches passt zu dir? Das alles findest du hier im Poppers-Forum.","robots":{"index":"index","follow":"follow","max-snippet":"max-snippet:-1","max-image-preview":"max-image-preview:large","max-video-preview":"max-video-preview:-1"},"canonical":"https:\/\/poppers-forum.com\/index.php\/welches-poppers-poppt\/","og_locale":"de_DE","og_type":"article","og_title":"Welches Poppers poppt? - Poppers Forum","og_description":"Welche Poppers gibt es, welche sind die Beliebtesten und welches passt zu dir? Das alles findest du hier im Poppers-Forum.","og_url":"https:\/\/poppers-forum.com\/index.php\/welches-poppers-poppt\/","og_site_name":"Poppers Forum","article_modified_time":"2023-08-04T09:19:32+00:00","og_image":[{"url":"https:\/\/poppers-forum.com\/wp-content\/uploads\/2023\/08\/rush-300x300.png"}],"twitter_card":"summary_large_image","twitter_misc":{"Gesch\u00e4tzte Lesezeit":"5\u00a0Minuten"},"schema":{"@context":"https:\/\/schema.org","@graph":[{"@type":"WebPage","@id":"https:\/\/poppers-forum.com\/index.php\/welches-poppers-poppt\/","url":"https:\/\/poppers-forum.com\/index.php\/welches-poppers-poppt\/","name":"Welches Poppers poppt? - Poppers Forum","isPartOf":{"@id":"https:\/\/poppers-forum.com\/#website"},"datePublished":"2023-08-04T08:53:36+00:00","dateModified":"2023-08-04T09:19:32+00:00","description":"Welche Poppers gibt es, welche sind die Beliebtesten und welches passt zu dir? Das alles findest du hier im Poppers-Forum.","breadcrumb":{"@id":"https:\/\/poppers-forum.com\/index.php\/welches-poppers-poppt\/#breadcrumb"},"inLanguage":"de","potentialAction":[{"@type":"ReadAction","target":["https:\/\/poppers-forum.com\/index.php\/welches-poppers-poppt\/"]}]},{"@type":"BreadcrumbList","@id":"https:\/\/poppers-forum.com\/index.php\/welches-poppers-poppt\/#breadcrumb","itemListElement":[{"@type":"ListItem","position":1,"name":"Startseite","item":"https:\/\/poppers-forum.com\/"},{"@type":"ListItem","position":2,"name":"Welches Poppers poppt?"}]},{"@type":"WebSite","@id":"https:\/\/poppers-forum.com\/#website","url":"https:\/\/poppers-forum.com\/","name":"Poppers Forum","description":"Mach dein Leben poppiger.","publisher":{"@id":"https:\/\/poppers-forum.com\/#organization"},"potentialAction":[{"@type":"SearchAction","target":{"@type":"EntryPoint","urlTemplate":"https:\/\/poppers-forum.com\/?s={search_term_string}"},"query-input":"required name=search_term_string"}],"inLanguage":"de"},{"@type":"Organization","@id":"https:\/\/poppers-forum.com\/#organization","name":"Poppers Forum","url":"https:\/\/poppers-forum.com\/","logo":{"@type":"ImageObject","inLanguage":"de","@id":"https:\/\/poppers-forum.com\/#\/schema\/logo\/image\/","url":"https:\/\/poppers-forum.com\/wp-content\/uploads\/2023\/07\/cropped-cropped-cropped-head.png","contentUrl":"https:\/\/poppers-forum.com\/wp-content\/uploads\/2023\/07\/cropped-cropped-cropped-head.png","width":1680,"height":500,"caption":"Poppers Forum"},"image":{"@id":"https:\/\/poppers-forum.com\/#\/schema\/logo\/image\/"}}]}},"_links":{"self":[{"href":"https:\/\/poppers-forum.com\/index.php\/wp-json\/wp\/v2\/pages\/511","targetHints":{"allow":["GET"]}}],"collection":[{"href":"https:\/\/poppers-forum.com\/index.php\/wp-json\/wp\/v2\/pages"}],"about":[{"href":"https:\/\/poppers-forum.com\/index.php\/wp-json\/wp\/v2\/types\/page"}],"author":[{"embeddable":true,"href":"https:\/\/poppers-forum.com\/index.php\/wp-json\/wp\/v2\/users\/2"}],"replies":[{"embeddable":true,"href":"https:\/\/poppers-forum.com\/index.php\/wp-json\/wp\/v2\/comments?post=511"}],"version-history":[{"count":6,"href":"https:\/\/poppers-forum.com\/index.php\/wp-json\/wp\/v2\/pages\/511\/revisions"}],"predecessor-version":[{"id":538,"href":"https:\/\/poppers-forum.com\/index.php\/wp-json\/wp\/v2\/pages\/511\/revisions\/538"}],"wp:attachment":[{"href":"https:\/\/poppers-forum.com\/index.php\/wp-json\/wp\/v2\/media?parent=511"}],"curies":[{"name":"wp","href":"https:\/\/api.w.org\/{rel}","templated":true}]}}