{"id":30,"date":"2023-07-24T11:51:39","date_gmt":"2023-07-24T09:51:39","guid":{"rendered":"http:\/\/zdnhrmq.cluster028.hosting.ovh.net\/?page_id=30"},"modified":"2023-07-28T08:21:22","modified_gmt":"2023-07-28T06:21:22","slug":"die-geschichte-von-poppers","status":"publish","type":"page","link":"https:\/\/poppers-forum.com\/index.php\/die-geschichte-von-poppers\/","title":{"rendered":"Die Geschichte von Poppers"},"content":{"rendered":"\n<hr class=\"wp-block-separator has-alpha-channel-opacity\"\/>\n\n\n\n<p class=\"has-text-align-center tw-text-wide has-larger-font-size\">Poppers gibt es schon deutlich l\u00e4nger, als du wahrscheinlich denkst!<\/p>\n\n\n\n<hr class=\"wp-block-separator has-alpha-channel-opacity\"\/>\n\n\n\n<p class=\"tw-text-wide\" style=\"font-size:46px\"><strong>Immer schon eine Herzensangelegenheit<\/strong> <\/p>\n\n\n\n<p class=\"tw-text-wide has-large-font-size\">Poppers ist der Sammelbegriff f\u00fcr eine Gruppe Chemikalien, die Nitrite genannt werden. Im Handel wurde es damals in netzbedeckten Glasfl\u00e4schchen verkauft. Diese gaben beim \u00d6ffnen ein \u201eKnacken\u201c von sich (englisch \u201epop\u201c), was zu dem g\u00e4ngigen Namen \u201ePoppers\u201c f\u00fchrte.\u00a0 Auch die heutigen Schraubverschluss-Fl\u00e4schchen &#8220;ploppen&#8221; aufgrund des h\u00f6heren Druckes in der Flasche beim \u00d6ffnen gut h\u00f6rbar. Entdeckt wurde das Wundermittel 1844 von Antoine-J\u00e9r\u00f4me Balard, der in seinem franz\u00f6sischen Labor Alkylnitrit synthetisierte und so den gew\u00fcnschten Stoff erhielt. Mit anderen Worten, das erste Nitrit, das zur Herstellung von Poppers verwendet wurde. Dieser Stoff hat auch heute noch die Oberhand auf diesem Gebiet, da es nach wie vor das st\u00e4rkste Nitrit ist, das in Poppers enthalten ist.  Ein schottischer Chemiker, Thomas Lauder Brunton, entdeckte 1867, dass Poppers auch Menschen mit Angina Pectoris \/ Herzproblemen oder Zyanidvergiftungen helfen k\u00f6nnen. <\/p>\n\n\n\n<p class=\"tw-text-wide has-large-font-size\">Poppers wurden von nun an als Mittel gegen alles m\u00f6gliche verkauft, unter anderem sogar gegen \u201eSeekrankheit\u201c. Schnell wurde allerdings die pikante positive Nebenwirkung bekannt: Poppers helfen, die sexuelle Leistungsf\u00e4higkeit zu steigern; sie erweitern die Blutgef\u00e4\u00dfe, wodurch sich die Muskeln lockern und sorgen so f\u00fcr einen entspannten K\u00f6rper und einen lustvollen Geist. <\/p>\n\n\n<div class=\"wp-block-image\">\n<figure class=\"aligncenter size-medium\"><img loading=\"lazy\" decoding=\"async\" width=\"219\" height=\"300\" src=\"http:\/\/zdnhrmq.cluster028.hosting.ovh.net\/wp-content\/uploads\/2023\/07\/Lauder_Brunton_1881-219x300.jpg\" alt=\"\" class=\"wp-image-82\" srcset=\"https:\/\/poppers-forum.com\/wp-content\/uploads\/2023\/07\/Lauder_Brunton_1881-219x300.jpg 219w, https:\/\/poppers-forum.com\/wp-content\/uploads\/2023\/07\/Lauder_Brunton_1881-747x1024.jpg 747w, https:\/\/poppers-forum.com\/wp-content\/uploads\/2023\/07\/Lauder_Brunton_1881-768x1053.jpg 768w, https:\/\/poppers-forum.com\/wp-content\/uploads\/2023\/07\/Lauder_Brunton_1881-1120x1536.jpg 1120w, https:\/\/poppers-forum.com\/wp-content\/uploads\/2023\/07\/Lauder_Brunton_1881-1493x2048.jpg 1493w, https:\/\/poppers-forum.com\/wp-content\/uploads\/2023\/07\/Lauder_Brunton_1881-1200x1646.jpg 1200w, https:\/\/poppers-forum.com\/wp-content\/uploads\/2023\/07\/Lauder_Brunton_1881.jpg 1824w\" sizes=\"auto, (max-width: 219px) 100vw, 219px\" \/><figcaption class=\"wp-element-caption\">Thomas Lauder Brunton<\/figcaption><\/figure>\n<\/div>\n\n\n<hr class=\"wp-block-separator has-alpha-channel-opacity\"\/>\n\n\n\n<p class=\"tw-text-wide\" style=\"font-size:46px\"><strong>Von Kunst zu K.O.<\/strong><\/p>\n\n\n\n<p class=\"tw-text-wide has-large-font-size\">In den 1950er Jahren waren Poppers vor allem in der britischen Kunstszene sehr beliebt. In den USA wurde die Fl\u00fcssigkeit aufgrund der Brandgefahr schnell verboten, wodurch einige Sexshops anfingen, es \u201eunter dem Ladentisch\u201c weiter zu verkaufen. Diese waren aber meist nicht von besonders guter Qualit\u00e4t. <\/p>\n\n\n\n<hr class=\"wp-block-separator has-alpha-channel-opacity\"\/>\n\n\n\n<p class=\"tw-text-wide\" style=\"font-size:46px\"><strong>Der Fall und Aufstieg von Poppers<\/strong><\/p>\n\n\n\n<p class=\"tw-text-wide has-large-font-size\">In den 1970er Jahren wusste bereits jeder von der aphrodisierenden und euphorisierenden Wirkung von Poppers. Ein gewisser W. Jay Freezer gr\u00fcndete die Pacific Western Distributing Corporation, die verschiedene Poppers-Marken herstellte und vertrieb, darunter auch die wohl ber\u00fchmteste: Rush. Die bisherige Formel wurde leicht zu Isobutylnitrit abge\u00e4ndert und Poppers wurden in Plattenl\u00e4den, Boutiquen und Sexshops als Raumduft angeboten.  Um 1980 erreichte die Zeit der Poppers ihre Bl\u00fcte. In Diskotheken, auf Partys, in den Privatgem\u00e4chern, \u00fcberall wurden Poppers konsumiert. Ende dieses Jahrzehnts bis zum Anfang der 1990er Jahre flachte die Glanzzeit des Mittels leider stark ab, was sich auf die AIDS Epidemie zur\u00fcckf\u00fchren l\u00e4sst. Auf dem H\u00f6hepunkt der Krise erschien eine Studie, die den Popperskonsum mit HIV-Ansteckungen in Verbindung setzte. Auch wenn die Theorie schnell widerlegt wurde, das Stigma blieb. <\/p>\n\n\n\n<hr class=\"wp-block-separator has-alpha-channel-opacity\"\/>\n\n\n\n<p class=\"tw-text-wide\" style=\"font-size:46px\"><strong> Wiedergeburt der Ektase <\/strong><\/p>\n\n\n\n<p class=\"tw-text-wide has-large-font-size\">Allerdings stabilisierte sich das um die Jahrtausendwende wieder, und heutzutage sind Poppers l\u00e4ngst nicht nur mehr etwas f\u00fcr Homosexuelle, nein, auch Heteros und viele andere Menschen haben die Wirkung des Wundermittels f\u00fcr sich entdeckt. Man k\u00f6nnte sagen, der Anfang der 2000er war die Renaissance der Poppers. <\/p>\n\n\n\n<p class=\"tw-text-wide has-large-font-size\">Also: Wenn du poppen willst, nie ohne Poppers \ud83d\ude09 <\/p>\n\n\n\n<hr class=\"wp-block-separator has-alpha-channel-opacity\"\/>\n\n\n\n<figure class=\"wp-block-jetpack-image-compare\"><div class=\"juxtapose\" data-mode=\"horizontal\"><img loading=\"lazy\" decoding=\"async\" id=\"70\" src=\"https:\/\/i1.wp.com\/poppers-forum.com\/wp-content\/uploads\/2023\/07\/medium_SMG00061452.jpg?ssl=1\" alt=\"\" width=\"576\" height=\"779\" class=\"image-compare__image-before\"\/><img loading=\"lazy\" decoding=\"async\" id=\"71\" src=\"https:\/\/i0.wp.com\/poppers-forum.com\/wp-content\/uploads\/2023\/07\/push-small-uk_FREIGESTELLT-Kopie.jpg?ssl=1\" alt=\"\" width=\"725\" height=\"1496\" class=\"image-compare__image-after\"\/><\/div><figcaption><br>links. Poppers-Flasche um 1900<br>rechts: moderne Poppers-Flasche<\/figcaption><\/figure>\n\n\n\n<hr class=\"wp-block-separator has-alpha-channel-opacity\"\/>\n","protected":false},"excerpt":{"rendered":"<p>Poppers gibt es schon deutlich l\u00e4nger, als du wahrscheinlich denkst! Immer schon eine Herzensangelegenheit Poppers ist der Sammelbegriff f\u00fcr eine Gruppe Chemikalien, die Nitrite genannt werden. Im Handel wurde es damals in netzbedeckten Glasfl\u00e4schchen verkauft. Diese gaben beim \u00d6ffnen ein \u201eKnacken\u201c von sich (englisch \u201epop\u201c), was zu dem g\u00e4ngigen Namen \u201ePoppers\u201c f\u00fchrte.\u00a0 Auch die heutigen&hellip;<\/p>\n","protected":false},"author":2,"featured_media":0,"parent":0,"menu_order":0,"comment_status":"closed","ping_status":"closed","template":"","meta":{"footnotes":""},"class_list":["post-30","page","type-page","status-publish","hentry"],"yoast_head":"<!-- This site is optimized with the Yoast SEO plugin v20.13 - https:\/\/yoast.com\/wordpress\/plugins\/seo\/ -->\n<title>Die Geschichte von Poppers - Poppers Forum<\/title>\n<meta name=\"description\" content=\"Wie sind Poppers entstanden und wer hat sie erfunden? Wie lange gibt es sie schon? Das alles und mehr erf\u00e4hrst du hier.\" \/>\n<meta name=\"robots\" content=\"index, follow, max-snippet:-1, max-image-preview:large, max-video-preview:-1\" \/>\n<link rel=\"canonical\" href=\"https:\/\/poppers-forum.com\/index.php\/die-geschichte-von-poppers\/\" \/>\n<meta property=\"og:locale\" content=\"de_DE\" \/>\n<meta property=\"og:type\" content=\"article\" \/>\n<meta property=\"og:title\" content=\"Die Geschichte von Poppers - Poppers Forum\" \/>\n<meta property=\"og:description\" content=\"Wie sind Poppers entstanden und wer hat sie erfunden? Wie lange gibt es sie schon? Das alles und mehr erf\u00e4hrst du hier.\" \/>\n<meta property=\"og:url\" content=\"https:\/\/poppers-forum.com\/index.php\/die-geschichte-von-poppers\/\" \/>\n<meta property=\"og:site_name\" content=\"Poppers Forum\" \/>\n<meta property=\"article:modified_time\" content=\"2023-07-28T06:21:22+00:00\" \/>\n<meta property=\"og:image\" content=\"http:\/\/zdnhrmq.cluster028.hosting.ovh.net\/wp-content\/uploads\/2023\/07\/Lauder_Brunton_1881-219x300.jpg\" \/>\n<meta name=\"twitter:card\" content=\"summary_large_image\" \/>\n<meta name=\"twitter:label1\" content=\"Gesch\u00e4tzte Lesezeit\" \/>\n\t<meta name=\"twitter:data1\" content=\"4\u00a0Minuten\" \/>\n<script type=\"application\/ld+json\" class=\"yoast-schema-graph\">{\"@context\":\"https:\/\/schema.org\",\"@graph\":[{\"@type\":\"WebPage\",\"@id\":\"https:\/\/poppers-forum.com\/index.php\/die-geschichte-von-poppers\/\",\"url\":\"https:\/\/poppers-forum.com\/index.php\/die-geschichte-von-poppers\/\",\"name\":\"Die Geschichte von Poppers - Poppers Forum\",\"isPartOf\":{\"@id\":\"https:\/\/poppers-forum.com\/#website\"},\"datePublished\":\"2023-07-24T09:51:39+00:00\",\"dateModified\":\"2023-07-28T06:21:22+00:00\",\"description\":\"Wie sind Poppers entstanden und wer hat sie erfunden? Wie lange gibt es sie schon? Das alles und mehr erf\u00e4hrst du hier.\",\"breadcrumb\":{\"@id\":\"https:\/\/poppers-forum.com\/index.php\/die-geschichte-von-poppers\/#breadcrumb\"},\"inLanguage\":\"de\",\"potentialAction\":[{\"@type\":\"ReadAction\",\"target\":[\"https:\/\/poppers-forum.com\/index.php\/die-geschichte-von-poppers\/\"]}]},{\"@type\":\"BreadcrumbList\",\"@id\":\"https:\/\/poppers-forum.com\/index.php\/die-geschichte-von-poppers\/#breadcrumb\",\"itemListElement\":[{\"@type\":\"ListItem\",\"position\":1,\"name\":\"Startseite\",\"item\":\"https:\/\/poppers-forum.com\/\"},{\"@type\":\"ListItem\",\"position\":2,\"name\":\"Die Geschichte von Poppers\"}]},{\"@type\":\"WebSite\",\"@id\":\"https:\/\/poppers-forum.com\/#website\",\"url\":\"https:\/\/poppers-forum.com\/\",\"name\":\"Poppers Forum\",\"description\":\"Mach dein Leben poppiger.\",\"publisher\":{\"@id\":\"https:\/\/poppers-forum.com\/#organization\"},\"potentialAction\":[{\"@type\":\"SearchAction\",\"target\":{\"@type\":\"EntryPoint\",\"urlTemplate\":\"https:\/\/poppers-forum.com\/?s={search_term_string}\"},\"query-input\":\"required name=search_term_string\"}],\"inLanguage\":\"de\"},{\"@type\":\"Organization\",\"@id\":\"https:\/\/poppers-forum.com\/#organization\",\"name\":\"Poppers Forum\",\"url\":\"https:\/\/poppers-forum.com\/\",\"logo\":{\"@type\":\"ImageObject\",\"inLanguage\":\"de\",\"@id\":\"https:\/\/poppers-forum.com\/#\/schema\/logo\/image\/\",\"url\":\"https:\/\/poppers-forum.com\/wp-content\/uploads\/2023\/07\/cropped-cropped-cropped-head.png\",\"contentUrl\":\"https:\/\/poppers-forum.com\/wp-content\/uploads\/2023\/07\/cropped-cropped-cropped-head.png\",\"width\":1680,\"height\":500,\"caption\":\"Poppers Forum\"},\"image\":{\"@id\":\"https:\/\/poppers-forum.com\/#\/schema\/logo\/image\/\"}}]}<\/script>\n<!-- \/ Yoast SEO plugin. -->","yoast_head_json":{"title":"Die Geschichte von Poppers - Poppers Forum","description":"Wie sind Poppers entstanden und wer hat sie erfunden? Wie lange gibt es sie schon? Das alles und mehr erf\u00e4hrst du hier.","robots":{"index":"index","follow":"follow","max-snippet":"max-snippet:-1","max-image-preview":"max-image-preview:large","max-video-preview":"max-video-preview:-1"},"canonical":"https:\/\/poppers-forum.com\/index.php\/die-geschichte-von-poppers\/","og_locale":"de_DE","og_type":"article","og_title":"Die Geschichte von Poppers - Poppers Forum","og_description":"Wie sind Poppers entstanden und wer hat sie erfunden? Wie lange gibt es sie schon? Das alles und mehr erf\u00e4hrst du hier.","og_url":"https:\/\/poppers-forum.com\/index.php\/die-geschichte-von-poppers\/","og_site_name":"Poppers Forum","article_modified_time":"2023-07-28T06:21:22+00:00","og_image":[{"url":"http:\/\/zdnhrmq.cluster028.hosting.ovh.net\/wp-content\/uploads\/2023\/07\/Lauder_Brunton_1881-219x300.jpg"}],"twitter_card":"summary_large_image","twitter_misc":{"Gesch\u00e4tzte Lesezeit":"4\u00a0Minuten"},"schema":{"@context":"https:\/\/schema.org","@graph":[{"@type":"WebPage","@id":"https:\/\/poppers-forum.com\/index.php\/die-geschichte-von-poppers\/","url":"https:\/\/poppers-forum.com\/index.php\/die-geschichte-von-poppers\/","name":"Die Geschichte von Poppers - Poppers Forum","isPartOf":{"@id":"https:\/\/poppers-forum.com\/#website"},"datePublished":"2023-07-24T09:51:39+00:00","dateModified":"2023-07-28T06:21:22+00:00","description":"Wie sind Poppers entstanden und wer hat sie erfunden? Wie lange gibt es sie schon? Das alles und mehr erf\u00e4hrst du hier.","breadcrumb":{"@id":"https:\/\/poppers-forum.com\/index.php\/die-geschichte-von-poppers\/#breadcrumb"},"inLanguage":"de","potentialAction":[{"@type":"ReadAction","target":["https:\/\/poppers-forum.com\/index.php\/die-geschichte-von-poppers\/"]}]},{"@type":"BreadcrumbList","@id":"https:\/\/poppers-forum.com\/index.php\/die-geschichte-von-poppers\/#breadcrumb","itemListElement":[{"@type":"ListItem","position":1,"name":"Startseite","item":"https:\/\/poppers-forum.com\/"},{"@type":"ListItem","position":2,"name":"Die Geschichte von Poppers"}]},{"@type":"WebSite","@id":"https:\/\/poppers-forum.com\/#website","url":"https:\/\/poppers-forum.com\/","name":"Poppers Forum","description":"Mach dein Leben poppiger.","publisher":{"@id":"https:\/\/poppers-forum.com\/#organization"},"potentialAction":[{"@type":"SearchAction","target":{"@type":"EntryPoint","urlTemplate":"https:\/\/poppers-forum.com\/?s={search_term_string}"},"query-input":"required name=search_term_string"}],"inLanguage":"de"},{"@type":"Organization","@id":"https:\/\/poppers-forum.com\/#organization","name":"Poppers Forum","url":"https:\/\/poppers-forum.com\/","logo":{"@type":"ImageObject","inLanguage":"de","@id":"https:\/\/poppers-forum.com\/#\/schema\/logo\/image\/","url":"https:\/\/poppers-forum.com\/wp-content\/uploads\/2023\/07\/cropped-cropped-cropped-head.png","contentUrl":"https:\/\/poppers-forum.com\/wp-content\/uploads\/2023\/07\/cropped-cropped-cropped-head.png","width":1680,"height":500,"caption":"Poppers Forum"},"image":{"@id":"https:\/\/poppers-forum.com\/#\/schema\/logo\/image\/"}}]}},"_links":{"self":[{"href":"https:\/\/poppers-forum.com\/index.php\/wp-json\/wp\/v2\/pages\/30","targetHints":{"allow":["GET"]}}],"collection":[{"href":"https:\/\/poppers-forum.com\/index.php\/wp-json\/wp\/v2\/pages"}],"about":[{"href":"https:\/\/poppers-forum.com\/index.php\/wp-json\/wp\/v2\/types\/page"}],"author":[{"embeddable":true,"href":"https:\/\/poppers-forum.com\/index.php\/wp-json\/wp\/v2\/users\/2"}],"replies":[{"embeddable":true,"href":"https:\/\/poppers-forum.com\/index.php\/wp-json\/wp\/v2\/comments?post=30"}],"version-history":[{"count":10,"href":"https:\/\/poppers-forum.com\/index.php\/wp-json\/wp\/v2\/pages\/30\/revisions"}],"predecessor-version":[{"id":410,"href":"https:\/\/poppers-forum.com\/index.php\/wp-json\/wp\/v2\/pages\/30\/revisions\/410"}],"wp:attachment":[{"href":"https:\/\/poppers-forum.com\/index.php\/wp-json\/wp\/v2\/media?parent=30"}],"curies":[{"name":"wp","href":"https:\/\/api.w.org\/{rel}","templated":true}]}}