{"id":160,"date":"2023-07-25T09:03:16","date_gmt":"2023-07-25T07:03:16","guid":{"rendered":"http:\/\/zdnhrmq.cluster028.hosting.ovh.net\/?page_id=160"},"modified":"2023-07-28T08:05:44","modified_gmt":"2023-07-28T06:05:44","slug":"home","status":"publish","type":"page","link":"https:\/\/poppers-forum.com\/","title":{"rendered":"\u2764\ufe0f-lich Willkommen im Poppers-Forum"},"content":{"rendered":"\n<div class=\"wp-block-group alignfull\"><div class=\"wp-block-group__inner-container is-layout-constrained wp-block-group-is-layout-constrained\"><h2 class=\"wp-block-heading alignfull has-text-align-center\" id=\"hier-findest-du-alles-rund-um-poppers\">&#8230;hier findest du alles rund um Poppers.<\/h2><\/div><\/div>\n\n\n\n<hr class=\"wp-block-separator aligncenter has-css-opacity alignwide\"\/>\n\n\n\n<div class=\"wp-block-group alignfull\"><div class=\"wp-block-group__inner-container is-layout-flow wp-block-group-is-layout-flow\">\n<div class=\"wp-block-columns alignfull tw-cols-stack-md tw-gutter-large is-layout-flex wp-container-core-columns-is-layout-28f84493 wp-block-columns-is-layout-flex\">\n<div class=\"wp-block-column is-layout-flow wp-block-column-is-layout-flow\" style=\"--col-width:40%;flex-basis:40%\"><h2 class=\"wp-block-heading\" id=\"fakt-oder-fiktion\">Fakt oder Fiktion?<\/h2><\/div>\n\n\n\n<div class=\"wp-block-column is-layout-flow wp-block-column-is-layout-flow\" style=\"--col-width:60%;flex-basis:60%\">\n<p>\u00dcber Poppers wird generell viel im Internet verbreitet, man findet sowohl Positives als auch Negatives. Vieles ist wahr \u2013 aber vieles ist auch frei erfunden oder falsch interpretiert. Was definitiv zutrifft, ist, dass du mit Poppers deine sexuelle Leistungsf\u00e4higkeit, deine Entspannung und die St\u00e4rke deines Orgasmus f\u00f6rdern kannst.<\/p>\n<\/div>\n<\/div>\n<\/div><\/div>\n\n\n\n<div class=\"wp-block-group alignfull\"><div class=\"wp-block-group__inner-container is-layout-flow wp-block-group-is-layout-flow\">\n<div class=\"wp-block-columns alignfull tw-cols-stack-md tw-gutter-large is-layout-flex wp-container-core-columns-is-layout-28f84493 wp-block-columns-is-layout-flex\">\n<div class=\"wp-block-column is-vertically-aligned-top is-layout-flow wp-block-column-is-layout-flow\" style=\"--col-width:40%;flex-basis:40%\"><h2 class=\"wp-block-heading\" id=\"was-ist-denn-da-drin\">Was ist denn da drin?<\/h2><\/div>\n\n\n\n<div class=\"wp-block-column is-layout-flow wp-block-column-is-layout-flow\" style=\"--col-width:60%;flex-basis:60%\">\n<p>Unsere Aromen bestehen aus chemischen Mischungen verschiedener Nitrite. Meistens handelt es sich um Isopropyl oder Pentyl. Sie werden in fl\u00fcssiger Form zu verschiedenen Mengen in kleinen Fl\u00e4schchen abgef\u00fcllt. &nbsp;Die g\u00e4ngigsten Abf\u00fcllmengen sind 10 ml, 15 ml, 24 ml und 30 ml.<\/p>\n<\/div>\n<\/div>\n<\/div><\/div>\n\n\n\n<div class=\"wp-block-group alignfull\"><div class=\"wp-block-group__inner-container is-layout-flow wp-block-group-is-layout-flow\">\n<div class=\"wp-block-columns alignfull tw-cols-stack-md tw-gutter-large is-layout-flex wp-container-core-columns-is-layout-28f84493 wp-block-columns-is-layout-flex\">\n<div class=\"wp-block-column is-layout-flow wp-block-column-is-layout-flow\" style=\"--col-width:40%;flex-basis:40%\"><h2 class=\"wp-block-heading\" id=\"welche-marken-gibt-es\">Welche Marken gibt es?<\/h2><\/div>\n\n\n\n<div class=\"wp-block-column is-layout-flow wp-block-column-is-layout-flow\" style=\"--col-width:60%;flex-basis:60%\">\n<p>Die vorherrschenden und best\u00e4ndigen Marken auf dem Markt sind (zum Beispiel) Rush Original Popper, Push, Rush Ultra Strong, Jungle Juice, Man Scent und Amsterdam Poppers.<\/p>\n<\/div>\n<\/div>\n<\/div><\/div>\n\n\n\n<div class=\"wp-block-group alignfull\"><div class=\"wp-block-group__inner-container is-layout-flow wp-block-group-is-layout-flow\">\n<div class=\"wp-block-columns alignfull tw-cols-stack-md tw-gutter-large is-layout-flex wp-container-core-columns-is-layout-28f84493 wp-block-columns-is-layout-flex\">\n<div class=\"wp-block-column is-layout-flow wp-block-column-is-layout-flow\" style=\"--col-width:40%;flex-basis:40%\"><h2 class=\"wp-block-heading\" id=\"welche-shops-sind-serioes\">Welche Shops sind seri\u00f6s?<\/h2><\/div>\n\n\n\n<div class=\"wp-block-column is-layout-flow wp-block-column-is-layout-flow\" style=\"--col-width:60%;flex-basis:60%\">\n<p>Wir raten dir, dich gut \u00fcber den Onlineshop zu informieren, von dem du bestellen m\u00f6chtest. F\u00fcr Seriosit\u00e4t stehen unter Anderem die im Impressum angegebenen Daten des jeweiligen Anbieters. Bei unseri\u00f6sen, dubiosen Internet-Shops fehlt das Impressum meist g\u00e4nzlich, so dass man nicht erkennen kann, mit wem man es zu tun hat. Unser Tipp: Finger weg von solchen Seiten!<\/p>\n<\/div>\n<\/div>\n<\/div><\/div>\n\n\n\n<div class=\"wp-block-group alignfull\"><div class=\"wp-block-group__inner-container is-layout-flow wp-block-group-is-layout-flow\">\n<div class=\"wp-block-columns alignfull tw-cols-stack-md tw-gutter-large is-layout-flex wp-container-core-columns-is-layout-28f84493 wp-block-columns-is-layout-flex\">\n<div class=\"wp-block-column is-layout-flow wp-block-column-is-layout-flow\" style=\"--col-width:40%;flex-basis:40%\"><h2 class=\"wp-block-heading\" id=\"wirken-alle-poppers-gleich\">Wirken alle Poppers gleich?<\/h2><\/div>\n\n\n\n<div class=\"wp-block-column is-layout-flow wp-block-column-is-layout-flow\" style=\"--col-width:60%;flex-basis:60%\">\n<p>Es gibt viele verschiedene Poppers, die in der Wirkung und Intensit\u00e4t variieren. Manche f\u00f6rdern die Durchblutung, von anderen bekommst du wiederum ein geniales, berauschendes Hochgef\u00fchl.<\/p>\n<\/div>\n<\/div>\n<\/div><\/div>\n\n\n\n<div class=\"wp-block-group alignfull\"><div class=\"wp-block-group__inner-container is-layout-flow wp-block-group-is-layout-flow\">\n<div class=\"wp-block-columns alignfull tw-cols-stack-md tw-gutter-large is-layout-flex wp-container-core-columns-is-layout-28f84493 wp-block-columns-is-layout-flex\">\n<div class=\"wp-block-column is-layout-flow wp-block-column-is-layout-flow\" style=\"--col-width:40%;flex-basis:40%\"><h2 class=\"wp-block-heading\" id=\"wie-wirken-poppers\">Wie wirken Poppers?<\/h2><\/div>\n\n\n\n<div class=\"wp-block-column is-layout-flow wp-block-column-is-layout-flow\" style=\"--col-width:60%;flex-basis:60%\">\n<p>Da auch jeder Mensch ein Individuum ist, wirkt nat\u00fcrlich jedes Poppers bei jeder Person unterschiedlich. So kann es nat\u00fcrlich vorkommen, dass deinem Partner\/deiner Partnerin ein ganz anderes Poppers zusagt als dir. Probiert euch daher ruhig mit Ma\u00df und Ziel durch unsere Produktpalette, es ist f\u00fcr jeden das Passende dabei. Auch die Wirkungsdauer kann vom allgemeinen Zustand und der Tagesverfassung abh\u00e4ngen: Sie kann ohne weiteres bis zu 10 Minuten anhalten.<\/p>\n<\/div>\n<\/div>\n<\/div><\/div>\n\n\n\n<div class=\"wp-block-group alignfull\"><div class=\"wp-block-group__inner-container is-layout-flow wp-block-group-is-layout-flow\">\n<div class=\"wp-block-columns alignfull tw-cols-stack-md tw-gutter-large is-layout-flex wp-container-core-columns-is-layout-28f84493 wp-block-columns-is-layout-flex\">\n<div class=\"wp-block-column is-layout-flow wp-block-column-is-layout-flow\" style=\"--col-width:40%;flex-basis:40%\"><h2 class=\"wp-block-heading\" id=\"was-bringt-mir-poppers\">Was bringt mir Poppers?<\/h2><\/div>\n\n\n\n<div class=\"wp-block-column is-layout-flow wp-block-column-is-layout-flow\" style=\"--col-width:60%;flex-basis:60%\">\n<p>Viele Wege f\u00fchren zum Orgasmus; aber mit Poppers wird der Weg dahin die genialste Achterbahnfahrt deines Sexlebens.<\/p>\n<\/div>\n<\/div>\n<\/div><\/div>\n\n\n\n<hr class=\"wp-block-separator has-alpha-channel-opacity\"\/>\n\n\n\n<blockquote class=\"wp-block-quote is-layout-flow wp-block-quote-is-layout-flow\">\n<p>Hoppla&#8230;.was f\u00fcr ein geiles Zeug. Da wird abspritzen zum Erlebnis.<\/p>\n<cite>zufriedener Kunde<\/cite><\/blockquote>\n\n\n\n<hr class=\"wp-block-separator has-alpha-channel-opacity\"\/>\n","protected":false},"excerpt":{"rendered":"<p>&#8230;hier findest du alles rund um Poppers. Fakt oder Fiktion? \u00dcber Poppers wird generell viel im Internet verbreitet, man findet sowohl Positives als auch Negatives. Vieles ist wahr \u2013 aber vieles ist auch frei erfunden oder falsch interpretiert. Was definitiv zutrifft, ist, dass du mit Poppers deine sexuelle Leistungsf\u00e4higkeit, deine Entspannung und die St\u00e4rke deines&hellip;<\/p>\n","protected":false},"author":2,"featured_media":0,"parent":0,"menu_order":0,"comment_status":"closed","ping_status":"closed","template":"","meta":{"footnotes":""},"class_list":["post-160","page","type-page","status-publish","hentry"],"yoast_head":"<!-- This site is optimized with the Yoast SEO plugin v20.13 - https:\/\/yoast.com\/wordpress\/plugins\/seo\/ -->\n<title>\u2764\ufe0f-lich Willkommen im Poppers-Forum - Poppers Forum<\/title>\n<meta name=\"description\" content=\"Herzlich Willkommen im Poppers Forum, wo sich alles rund um Aromas dreht! Tausche dich mit vielen Gleichgesinnten aus!\" \/>\n<meta name=\"robots\" content=\"index, follow, max-snippet:-1, max-image-preview:large, max-video-preview:-1\" \/>\n<link rel=\"canonical\" href=\"https:\/\/poppers-forum.com\/\" \/>\n<meta property=\"og:locale\" content=\"de_DE\" \/>\n<meta property=\"og:type\" content=\"article\" \/>\n<meta property=\"og:title\" content=\"\u2764\ufe0f-lich Willkommen im Poppers-Forum - Poppers Forum\" \/>\n<meta property=\"og:description\" content=\"Herzlich Willkommen im Poppers Forum, wo sich alles rund um Aromas dreht! Tausche dich mit vielen Gleichgesinnten aus!\" \/>\n<meta property=\"og:url\" content=\"https:\/\/poppers-forum.com\/\" \/>\n<meta property=\"og:site_name\" content=\"Poppers Forum\" \/>\n<meta property=\"article:modified_time\" content=\"2023-07-28T06:05:44+00:00\" \/>\n<meta name=\"twitter:card\" content=\"summary_large_image\" \/>\n<meta name=\"twitter:label1\" content=\"Gesch\u00e4tzte Lesezeit\" \/>\n\t<meta name=\"twitter:data1\" content=\"2\u00a0Minuten\" \/>\n<script type=\"application\/ld+json\" class=\"yoast-schema-graph\">{\"@context\":\"https:\/\/schema.org\",\"@graph\":[{\"@type\":\"WebPage\",\"@id\":\"https:\/\/poppers-forum.com\/\",\"url\":\"https:\/\/poppers-forum.com\/\",\"name\":\"\u2764\ufe0f-lich Willkommen im Poppers-Forum - Poppers Forum\",\"isPartOf\":{\"@id\":\"https:\/\/poppers-forum.com\/#website\"},\"datePublished\":\"2023-07-25T07:03:16+00:00\",\"dateModified\":\"2023-07-28T06:05:44+00:00\",\"description\":\"Herzlich Willkommen im Poppers Forum, wo sich alles rund um Aromas dreht! Tausche dich mit vielen Gleichgesinnten aus!\",\"breadcrumb\":{\"@id\":\"https:\/\/poppers-forum.com\/#breadcrumb\"},\"inLanguage\":\"de\",\"potentialAction\":[{\"@type\":\"ReadAction\",\"target\":[\"https:\/\/poppers-forum.com\/\"]}]},{\"@type\":\"BreadcrumbList\",\"@id\":\"https:\/\/poppers-forum.com\/#breadcrumb\",\"itemListElement\":[{\"@type\":\"ListItem\",\"position\":1,\"name\":\"Startseite\",\"item\":\"https:\/\/poppers-forum.com\/\"},{\"@type\":\"ListItem\",\"position\":2,\"name\":\"\u2764\ufe0f-lich Willkommen im Poppers-Forum\"}]},{\"@type\":\"WebSite\",\"@id\":\"https:\/\/poppers-forum.com\/#website\",\"url\":\"https:\/\/poppers-forum.com\/\",\"name\":\"Poppers Forum\",\"description\":\"Mach dein Leben poppiger.\",\"publisher\":{\"@id\":\"https:\/\/poppers-forum.com\/#organization\"},\"potentialAction\":[{\"@type\":\"SearchAction\",\"target\":{\"@type\":\"EntryPoint\",\"urlTemplate\":\"https:\/\/poppers-forum.com\/?s={search_term_string}\"},\"query-input\":\"required name=search_term_string\"}],\"inLanguage\":\"de\"},{\"@type\":\"Organization\",\"@id\":\"https:\/\/poppers-forum.com\/#organization\",\"name\":\"Poppers Forum\",\"url\":\"https:\/\/poppers-forum.com\/\",\"logo\":{\"@type\":\"ImageObject\",\"inLanguage\":\"de\",\"@id\":\"https:\/\/poppers-forum.com\/#\/schema\/logo\/image\/\",\"url\":\"https:\/\/poppers-forum.com\/wp-content\/uploads\/2023\/07\/cropped-cropped-cropped-head.png\",\"contentUrl\":\"https:\/\/poppers-forum.com\/wp-content\/uploads\/2023\/07\/cropped-cropped-cropped-head.png\",\"width\":1680,\"height\":500,\"caption\":\"Poppers Forum\"},\"image\":{\"@id\":\"https:\/\/poppers-forum.com\/#\/schema\/logo\/image\/\"}}]}<\/script>\n<!-- \/ Yoast SEO plugin. -->","yoast_head_json":{"title":"\u2764\ufe0f-lich Willkommen im Poppers-Forum - Poppers Forum","description":"Herzlich Willkommen im Poppers Forum, wo sich alles rund um Aromas dreht! Tausche dich mit vielen Gleichgesinnten aus!","robots":{"index":"index","follow":"follow","max-snippet":"max-snippet:-1","max-image-preview":"max-image-preview:large","max-video-preview":"max-video-preview:-1"},"canonical":"https:\/\/poppers-forum.com\/","og_locale":"de_DE","og_type":"article","og_title":"\u2764\ufe0f-lich Willkommen im Poppers-Forum - Poppers Forum","og_description":"Herzlich Willkommen im Poppers Forum, wo sich alles rund um Aromas dreht! Tausche dich mit vielen Gleichgesinnten aus!","og_url":"https:\/\/poppers-forum.com\/","og_site_name":"Poppers Forum","article_modified_time":"2023-07-28T06:05:44+00:00","twitter_card":"summary_large_image","twitter_misc":{"Gesch\u00e4tzte Lesezeit":"2\u00a0Minuten"},"schema":{"@context":"https:\/\/schema.org","@graph":[{"@type":"WebPage","@id":"https:\/\/poppers-forum.com\/","url":"https:\/\/poppers-forum.com\/","name":"\u2764\ufe0f-lich Willkommen im Poppers-Forum - Poppers Forum","isPartOf":{"@id":"https:\/\/poppers-forum.com\/#website"},"datePublished":"2023-07-25T07:03:16+00:00","dateModified":"2023-07-28T06:05:44+00:00","description":"Herzlich Willkommen im Poppers Forum, wo sich alles rund um Aromas dreht! Tausche dich mit vielen Gleichgesinnten aus!","breadcrumb":{"@id":"https:\/\/poppers-forum.com\/#breadcrumb"},"inLanguage":"de","potentialAction":[{"@type":"ReadAction","target":["https:\/\/poppers-forum.com\/"]}]},{"@type":"BreadcrumbList","@id":"https:\/\/poppers-forum.com\/#breadcrumb","itemListElement":[{"@type":"ListItem","position":1,"name":"Startseite","item":"https:\/\/poppers-forum.com\/"},{"@type":"ListItem","position":2,"name":"\u2764\ufe0f-lich Willkommen im Poppers-Forum"}]},{"@type":"WebSite","@id":"https:\/\/poppers-forum.com\/#website","url":"https:\/\/poppers-forum.com\/","name":"Poppers Forum","description":"Mach dein Leben poppiger.","publisher":{"@id":"https:\/\/poppers-forum.com\/#organization"},"potentialAction":[{"@type":"SearchAction","target":{"@type":"EntryPoint","urlTemplate":"https:\/\/poppers-forum.com\/?s={search_term_string}"},"query-input":"required name=search_term_string"}],"inLanguage":"de"},{"@type":"Organization","@id":"https:\/\/poppers-forum.com\/#organization","name":"Poppers Forum","url":"https:\/\/poppers-forum.com\/","logo":{"@type":"ImageObject","inLanguage":"de","@id":"https:\/\/poppers-forum.com\/#\/schema\/logo\/image\/","url":"https:\/\/poppers-forum.com\/wp-content\/uploads\/2023\/07\/cropped-cropped-cropped-head.png","contentUrl":"https:\/\/poppers-forum.com\/wp-content\/uploads\/2023\/07\/cropped-cropped-cropped-head.png","width":1680,"height":500,"caption":"Poppers Forum"},"image":{"@id":"https:\/\/poppers-forum.com\/#\/schema\/logo\/image\/"}}]}},"_links":{"self":[{"href":"https:\/\/poppers-forum.com\/index.php\/wp-json\/wp\/v2\/pages\/160","targetHints":{"allow":["GET"]}}],"collection":[{"href":"https:\/\/poppers-forum.com\/index.php\/wp-json\/wp\/v2\/pages"}],"about":[{"href":"https:\/\/poppers-forum.com\/index.php\/wp-json\/wp\/v2\/types\/page"}],"author":[{"embeddable":true,"href":"https:\/\/poppers-forum.com\/index.php\/wp-json\/wp\/v2\/users\/2"}],"replies":[{"embeddable":true,"href":"https:\/\/poppers-forum.com\/index.php\/wp-json\/wp\/v2\/comments?post=160"}],"version-history":[{"count":11,"href":"https:\/\/poppers-forum.com\/index.php\/wp-json\/wp\/v2\/pages\/160\/revisions"}],"predecessor-version":[{"id":406,"href":"https:\/\/poppers-forum.com\/index.php\/wp-json\/wp\/v2\/pages\/160\/revisions\/406"}],"wp:attachment":[{"href":"https:\/\/poppers-forum.com\/index.php\/wp-json\/wp\/v2\/media?parent=160"}],"curies":[{"name":"wp","href":"https:\/\/api.w.org\/{rel}","templated":true}]}}